{"id":115,"date":"2012-08-09T11:09:31","date_gmt":"2012-08-09T09:09:31","guid":{"rendered":"https:\/\/legitedisgatt.it\/?page_id=115"},"modified":"2025-08-29T14:20:33","modified_gmt":"2025-08-29T13:20:33","slug":"115-2","status":"publish","type":"page","link":"https:\/\/legitedisgatt.it\/","title":{"rendered":"Home"},"content":{"rendered":"<h6><em><em>\u00a0Foto di G. Menardi\u00a0 &#8211; Tofana di Rozes dal Nuvolau \u2013 alba del 27 agosto 2008<\/em><\/em><\/h6>\n<p style=\"text-align: justify;\"><span style=\"color: #a52a2a;\"><strong><em>SGATT vi suggerisce come fare una bella gita nelle Dolomiti d&#8217;Ampezzo (punto di partenza\u00a0Cortina) &#8230;\u00a0e non solo\u00a0 &#8230;\u00a0 \ud83d\ude42 <\/em><\/strong><\/span><\/p>\n<p style=\"text-align: justify;\"><span style=\"color: #a52a2a;\"><strong><em>Le diverse sezioni in cui \u00e8 diviso il sito web, sono riferite ai monti dell&#8217;ampezzo e dunque si raggiungono da Cortina; le altre zone visitate sono indicate specificamente (Agordo, San Vito di Cadore, Val Pusteria, oltre all&#8217;Engadina ed al Vallese in Svizzera, all&#8217;Abruzzo, al Lazio, ed all&#8217;Etna in Sicilia).\u00a0<\/em><\/strong><\/span><\/p>\n<p style=\"text-align: justify;\"><em><span style=\"color: #3366ff;\">SGATT suggests you\u00a0\u00a0how to make\u00a0beautiful walks in the Dolomiti d&#8217;Ampezzo (Cortina is the starting point) &#8230; and something more.<\/span><\/em><\/p>\n<p style=\"text-align: justify;\"><em><span style=\"color: #3366ff;\">The different sections in which the website is divided, refer to the mountains of the Ampezzo Valley; other different areas are indicated specifically (Agordo, San Vito di Cadore, Val Pusteria, in addition to the Engadine and the Valais in Switzerland, the Abruzzo and Lazio in the center of Italy and the Etna in Sicily).\u00a0<\/span><\/em><\/p>\n<h2 style=\"text-align: center;\">\u00a0Perch\u00e8 le gite di SGATT<\/h2>\n<div>\n<p style=\"text-align: justify;\">Vivo in una grande citt\u00e0, ma ogni estate da oltre sessant&#8217;anni frequento la valle d\u2019Ampezzo e ne apprezzo l\u2019unicit\u00e0. E\u2019 nato cos\u00ec un legame intimo con la Valle rafforzato da esperienze uniche (come escursioni in notturna o comunque fuori dai comuni percorsi, sia in estate, sia in inverno) sicuramente non da \u201cvilleggiante\u201d tipico,\u00a0 grazie anche al legame profondo con amici Ampezzani.<\/p>\n<p style=\"text-align: justify;\">La montagna \u00e8 nelle mie corde e la vivo intensamente in tutte le stagioni, non solo nelle Dolomiti. Quando posso -per lo pi\u00f9 in estate- visito altre montagne ed altre valli; ecco le molte gite in Svizzera (specie in Engadina), e qualcuna in Abruzzo e nel Lazio, e persino sull&#8217;Etna (non riporto le passeggiate in Austria, Slovenia, Germania, Colorado).<\/p>\n<p style=\"text-align: justify;\">Dal 1978, per ogni gita estiva, conservo i dati salienti della passeggiata; voglio quindi condividere la mia esperienza, offrendo delle proposte di\u00a0 gite, tutte da me gi\u00e0 sperimentate.<\/p>\n<p style=\"text-align: justify;\"><strong>Le gite descritte fino ad agosto 2025 sono circa 320 <\/strong>(comprese per\u00f2 le varianti alle stesse); sono di vario genere e difficolt\u00e0, perch\u00e9 le ho effettuate in momenti diversi della mia vita; da giovane o da pi\u00f9 grande, in solitaria o in gruppo, con la famiglia e cio\u00e8 con mia moglie ed i 3 bimbi piccoli e, ora a 62 anni, ancora con mia moglie e anche con i ragazzi, tutti ormai in piena vita lavorativa. <strong>Le indicazioni sono personali, e come tali devono essere intese, cosicch\u00e8 chi le legge e le segue se ne assume la responsabilit\u00e0<\/strong>. Posso solo dire che\u00a0 ho\u00a0 cercato di fornire esatte indicazioni del percorso, delle possibili varianti, dei tempi di percorrenza\u00a0 con\u00a0 valutazioni sulla difficolt\u00e0, con commenti utili.<\/p>\n<p style=\"text-align: justify;\">Le proposte di gite vogliono essere un invito per \u201cgustarsi\u201d la montagna, come \u00e8 accaduto a me. Nella solitudine magnifica dei boschi incantati e delle cime multicolori, ho imparato a sentire le parole delle rocce, il sussurrare\u00a0 del vento, il linguaggio misterioso dei boschi,\u00a0 i silenzi e i mormorii, gli odori, i versi degli animali; ho capito le leggende delle valli,\u00a0 ho vissuto sensazioni uniche\u00a0 anche nella compagnia gioiosa di amici con cui ho condiviso fatiche e soddisfazioni.<\/p>\n<p style=\"text-align: justify;\">Ho capito che <strong>la vita \u00e8 un sentiero da percorrere,<\/strong> come in montagna, dove i segnali vanno interpretati per poter essere seguiti; dove le fatiche della conquista di una cima, sono superate dalla soddisfazione di averla raggiunta e dove si sente di appartenere alla montagna; dove le fatiche di aver organizzato una bella gita, sono superate dalla \u00a0condivisione con gli amici \u2026 Ecco perch\u00e9 amo questi luoghi e queste sensazioni, che mi hanno fatto scoprire Dio, ritrovare me stesso, e incontrare la compagna delle mie avventure e del mio cammino.<\/p>\n<\/div>\n<h2 style=\"text-align: center;\"><span style=\"color: #3366ff;\"><em>Why SGATT excursions.<\/em><\/span><\/h2>\n<p style=\"text-align: justify;\"><em><span style=\"color: #3366ff;\">I\u00a0live in a city, but every summer for about\u00a0 the last\u00a0 fifty years I have been visiting the Ampezzo Valley and I appreciate their uniqueness and the unique \u00a0experiences I have had (not always those of a typical \u201cholidaymaker\u201d, so, for example, treks at\u00a0 night\u00a0 or in the winter). The mountains are in my heart. <span id=\"noHighlight_0.13047979235538432\"><span style=\"color: #3366ff;\">Of course they will represent the 4\/5 about the trips described; But when I can -mostly in summer-I visit other mountains and other valleys; here are described many trips in Switzerland (especially in Engadina), and some in Abruzzo in Lazio and on Mount Etna<\/span>.<\/span><\/span><\/em><\/p>\n<p style=\"text-align: justify;\"><em><span style=\"color: #3366ff;\">Since 1978 I have been noting \u00a0the key data for each excursion; my desire is to share my experiences, offering proposals for treks all already tested by myself. The treks are of various kinds and levels of difficulty, because I carried them out at different times in my life: when I was a young man or now that I am older, alone\u00a0 or in a group, with my family when they were small children and now when they are teenagers. The information provided here is indicative and should be understood as such, so that anyone reading and following it does so under their own responsibility. I can only say that I have tried to give accurate indications of the routes, of possible variations to them, of how long they take, how difficult they are and other useful comments. <\/span><\/em><\/p>\n<p style=\"text-align: justify;\"><em><span style=\"color: #3366ff;\">The excursions proposed -about 260 at november 2018- are intended to be an invitation to \u201csavour\u201d the mountains, as happened to me. In the magnificent solitude of the forests and multi-coloured mountains, I learned to listen to the talking\u00a0 of the rocks, the whispering of the wind, the mysterious language of the woods, the silences and the murmuring, the smells, the animal sounds; I understand the legends of the valleys, I have lived unique sensations, in the joyful company of friends with whom I have shared hardships and joys.<\/span><\/em><\/p>\n<p style=\"text-align: justify;\"><em><span style=\"color: #3366ff;\">I would like to give you the opportunity to feel the same sensations. I have grasped that life is a path to be walked, like in the mountains where the signals are to be interpreted as if they are to be followed; where the effort in conquering a peak is surpassed by the satisfaction of having reached it, and where we feel we belong to something bigger than ourselves; where the effort of having organized a really good walk is exceeded by the sharing of it with friends \u2026 This is why I love these places and these sensations, that have let me discover God, discover myself and find a partner for my life\u2019s \u00a0adventures and journey.<\/span><\/em><\/p>\n","protected":false},"excerpt":{"rendered":"<p>\u00a0Foto di G. Menardi\u00a0 &#8211; Tofana di Rozes dal Nuvolau \u2013 alba del 27 agosto 2008 SGATT vi suggerisce come fare una bella gita nelle Dolomiti d&#8217;Ampezzo (punto di partenza\u00a0Cortina) &#8230;\u00a0e non solo\u00a0 &#8230;\u00a0 \ud83d\ude42 Le diverse sezioni in cui &hellip; <a href=\"https:\/\/legitedisgatt.it\/\">Continua a leggere<span class=\"meta-nav\">&rarr;<\/span><\/a><\/p>\n","protected":false},"author":1,"featured_media":0,"parent":0,"menu_order":0,"comment_status":"closed","ping_status":"closed","template":"","meta":{"footnotes":""},"class_list":["post-115","page","type-page","status-publish","hentry"],"_links":{"self":[{"href":"https:\/\/legitedisgatt.it\/index.php?rest_route=\/wp\/v2\/pages\/115","targetHints":{"allow":["GET"]}}],"collection":[{"href":"https:\/\/legitedisgatt.it\/index.php?rest_route=\/wp\/v2\/pages"}],"about":[{"href":"https:\/\/legitedisgatt.it\/index.php?rest_route=\/wp\/v2\/types\/page"}],"author":[{"embeddable":true,"href":"https:\/\/legitedisgatt.it\/index.php?rest_route=\/wp\/v2\/users\/1"}],"replies":[{"embeddable":true,"href":"https:\/\/legitedisgatt.it\/index.php?rest_route=%2Fwp%2Fv2%2Fcomments&post=115"}],"version-history":[{"count":36,"href":"https:\/\/legitedisgatt.it\/index.php?rest_route=\/wp\/v2\/pages\/115\/revisions"}],"predecessor-version":[{"id":1740,"href":"https:\/\/legitedisgatt.it\/index.php?rest_route=\/wp\/v2\/pages\/115\/revisions\/1740"}],"wp:attachment":[{"href":"https:\/\/legitedisgatt.it\/index.php?rest_route=%2Fwp%2Fv2%2Fmedia&parent=115"}],"curies":[{"name":"wp","href":"https:\/\/api.w.org\/{rel}","templated":true}]}}