{"id":4,"date":"2012-08-03T12:12:20","date_gmt":"2012-08-03T12:12:20","guid":{"rendered":"https:\/\/legitedisgatt.it\/?page_id=4"},"modified":"2025-08-29T14:15:56","modified_gmt":"2025-08-29T13:15:56","slug":"presentazione","status":"publish","type":"page","link":"https:\/\/legitedisgatt.it\/?page_id=4","title":{"rendered":"Chiave di lettura e commenti"},"content":{"rendered":"<p style=\"text-align: justify;\"><em><span style=\"color: #3366ff;\">The key to understanding the walks proposed<\/span><\/em><\/p>\n<p style=\"text-align: justify;\" align=\"justify\">Le gite qui proposte riguardano le Dolomiti ed in particolare la Valle d\u2019Ampezzo, di cui sono indicati i principali gruppi di montagne. Si \u00e8 poi \u201callargato\u201d il campo ad altre aree limitrofe e non, come la Svizzera, specialmente l&#8217;Engadina ma anche la zona del Vallese di Crans; l&#8217;Abruzzo, specie i gruppi del Gran Sasso e del Verino-Sirente; il Lazio con i Lucretili ed i Simbruini; la Sicilia con l&#8217;Etna.<\/p>\n<p style=\"text-align: justify;\" align=\"justify\">le gite sono state tutte effettivamente svolte da chi le descrive, cosicch\u00e8 sono frutto di esperienza personale. L&#8217;A. \u00e8 nato nel 1963 in una grande Citt\u00e0 dove ancora vive, cos\u00ec, ponendo attenzione alla data in cui la gita \u00e8 stata effettuata, che viene sempre indicata, si pu\u00f2 valutare sia il &#8220;passo&#8221; correlato all&#8217;et\u00e0 di chi l&#8217;ha compiuta sia l&#8217;attualit\u00e0 delle indicazioni.<\/p>\n<p style=\"text-align: justify;\">Le gite si apprezzano meglio se si leggono unitamente alla cartina dei rispettivi luoghi, ove si pu\u00f2 seguire il percorso descritto e cio\u00e8 i sentieri, individuabili, nella realt\u00e0, con il segnale colorato bianco e rosso ed il numero, oppure con gli &#8220;ometti&#8221;. Per ogni gita viene specificata la <strong><span style=\"text-decoration: underline;\">lunghezza<\/span><\/strong> (in termini di tempo) e la <strong><span style=\"text-decoration: underline;\">difficolt\u00e0<\/span><\/strong>; viene indicato il <strong><span style=\"text-decoration: underline;\">percorso,<\/span><\/strong> la <strong>data<\/strong> di effettuazione della gita, e\u00a0viene fornita una <strong><span style=\"text-decoration: underline;\">VALUTAZIONE<\/span><\/strong> (soggettiva, e che va considerata come tale e dunque adattata a ciascuno e)\u00a0 che deve essere ben considerata prima di effettuare la gita.<\/p>\n<p style=\"text-align: justify;\">Per la <strong><span style=\"text-decoration: underline;\">lunghezza<\/span><\/strong> sono indicate le ore di cammino effettivo, con un buon passo, rapportato all&#8217;et\u00e0 dell&#8217;A.; da considerare in pi\u00f9 i tempi di sosta e di trasferimento per giungere all\u2019inizio della gita.<\/p>\n<p style=\"text-align: justify;\"><em><span style=\"color: #3366ff;\">It&#8217;s better to have a map to compare to this website and better undestand the places. The walks proposed are mainly in the Italian Dolomites and in particular the Ampezzo Valley (Veneto, North East of Italy) and neighboring areas (but also other areas, as Switzerland or Abruzzo or Lazio or Sicily). Every walks is really done by the A. (born in the 1963 <\/span><span class=\"Y2IQFc\" lang=\"en\" style=\"color: #3366ff;\">in the city where he still lives, thus, paying attention to the date on which the excursion was carried out, one can evaluate the &#8220;step&#8221; related to the age of those who took it)<\/span><span style=\"color: #3366ff;\"><em>.<\/em> For each excursion the length (in time) and the difficulty are specified. The routes are also described (although to ucnderstand them properly a<\/span><\/em><em><span style=\"color: #3366ff;\">d to find the paths, identifiable by white\/red signals and numbers, or otherwise \u201comini\u201d, i.e. piles of stones) and classified according to their level of difficulty; valuation (that are subjective, and should be considered as such and therefore adapted to each) should be taken into consideration before making any excursion. As regards the length, the time indicated is for walking at a fast pace; you also need to consider the time taken for stops and for getting to the start of the walk.<\/span><\/em><\/p>\n<p style=\"text-align: justify;\"><a href=\"https:\/\/legitedisgatt.it\/wp-content\/uploads\/2012\/08\/omino.jpg\"><img loading=\"lazy\" decoding=\"async\" class=\"alignright wp-image-602\" title=\"omino, by G.Menardi\" src=\"https:\/\/legitedisgatt.it\/wp-content\/uploads\/2012\/08\/omino-300x199.jpg\" alt=\"\" width=\"300\" height=\"199\" srcset=\"https:\/\/legitedisgatt.it\/wp-content\/uploads\/2012\/08\/omino-300x199.jpg 300w, https:\/\/legitedisgatt.it\/wp-content\/uploads\/2012\/08\/omino.jpg 448w\" sizes=\"auto, (max-width: 300px) 100vw, 300px\" \/><\/a><\/p>\n<p style=\"text-align: justify;\">Per la <strong><span style=\"text-decoration: underline;\">difficolt\u00e0<\/span><\/strong> sono state individuate cinque tipologie:<\/p>\n<p style=\"text-align: justify;\">&#8211; <strong>gite \u201cbambinabili<\/strong>\u201d, cio\u00e8 adatte anche a bimbi piccoli (da 0 \u2013sulle spalle- a 5 anni), di breve durata e dislivello minimo;<\/p>\n<p style=\"text-align: justify;\">&#8211; <strong>gite \u201cper tutti\u201d<\/strong>, cio\u00e8 per chiunque voglia fare un\u2019escursione in montagna per approcciarsi all\u2019ambiente ovvero per non faticare eccessivamente (\u00e8 inutile dire che in montagna servono scarpe apposite e uno zaino con \u2013almeno- acqua e giacca wind stopper\/water resistant; serve anche la cartina dei sentieri dell&#8217;area);<\/p>\n<p style=\"text-align: justify;\">&#8211;\u00a0<strong>sentiero ferrato, <\/strong>cio\u00e8 un sentiero per lo pi\u00f9 esposto e con qualche passaggio che richiede attenzione e piede fermo, nonch\u00e8 un minimo di tecnica alpinistica, nel quale ci si deve legare con cordino e moschettone alla corda di acciaio gi\u00e0 presente sul sentiero. Si deve essere <span style=\"text-decoration: underline;\">attrezzati<\/span> [= set da ferrata, che consiste di imbragatura, 2 moschettoni e cordini con dissipatore;\u00a0 caschetto, importante anche per i sassi la cui caduta \u00e8 facilitata dall\u2019affollamento estivo delle ferrate; guanti, utili per tenere meglio la corda spesso fredda, bagnata ed alcune volte sfilacciata); si\u00a0consiglia allenamento, un certo livello di esperienza e capacit\u00e0 tecnica, oltre ad assenza di vertigini.<\/p>\n<p style=\"text-align: justify;\"><em><span style=\"color: #3366ff;\">As regards difficulty, we have identified five categories:<\/span><\/em><\/p>\n<p style=\"text-align: justify;\"><em><span style=\"color: #3366ff;\">&#8211; walks \u201cfor children\u201d, i.e. suitable for small children (from 0- on an adult\u2019s shoulders \u2013 to 5 years), short and with minimal up or down sections;<\/span><\/em><\/p>\n<p style=\"text-align: justify;\"><em><span style=\"color: #3366ff;\">&#8211; walks \u201cfor everybody\u201d: i.e. for anyone wanting to hike in the mountains in order to get close to nature without getting too tired (needless to say, in the mountains you need suitable footwear and a backpack with -at least- water and a water and wind resistant jacket; you also need a map of the footpaths in the area);<\/span><\/em><\/p>\n<p style=\"text-align: justify;\"><em><span style=\"color: #3366ff;\">&#8211; a\u00a0\u201cguided path\u201c\u00a0has steep drops and some sections requiring attention and a minimum of climbing technique, where you need to be tied -with a body harness, straps, and karabiner- to the steel cable attached to the rock. You need to be equipped [= ferrata-set, which consists of body harness, two karabiners and straps; a helmet, important not least for protecting against stones falling from above owing to other people; gloves, useful for holding the rope, which is often\u00a0 cold, wet and sometimes frayed); I recommend training, a certain level of experience and technical expertise, and a head for heights.<\/span><\/em><\/p>\n<p style=\"text-align: justify;\"><a href=\"https:\/\/legitedisgatt.it\/wp-content\/uploads\/2012\/08\/IMG_7496.jpg\"><img loading=\"lazy\" decoding=\"async\" class=\"alignleft size-thumbnail wp-image-185\" title=\"IMG_7496\" src=\"https:\/\/legitedisgatt.it\/wp-content\/uploads\/2012\/08\/IMG_7496-150x150.jpg\" alt=\"\" width=\"150\" height=\"150\" \/><\/a>&#8211;<strong> via ferrata<\/strong> pur avendo lo stesso tipo di corda fissa gi\u00e0 presente sul percorso come per i sentieri ferrati, ha delle difficolt\u00e0 maggiori perch\u00e9 necessita di tecnica alpinistica (cio\u00e8 bisogna arrampicare) e spesso la salita \u00e8 verticale e molto esposta. Ovviamente si deve essere <span style=\"text-decoration: underline;\">attrezzati<\/span> [= set da ferrata, che consiste di imbragatura, 2 moschettoni e cordini con dissipatore;\u00a0 caschetto, importante anche per i sassi la cui caduta \u00e8 facilitata dall\u2019affollamento estivo delle ferrate; guanti, utili per tenere meglio la corda spesso fredda, bagnata ed alcune volte sfilacciata); si consiglia un certo allenamento,\u00a0un buon\u00a0livello di esperienza e capacit\u00e0 tecnica, oltre ad assenza di vertigini. <span style=\"text-decoration: underline;\">Per chi \u00e8 alle prime esperienze<\/span> si consiglia una guida locale;<\/p>\n<p style=\"text-align: justify;\">&#8211; le <span style=\"text-decoration: underline;\">gite che non hanno le indicazioni appena descritte<\/span>, sono <strong>gite<\/strong> che per la loro lunghezza (maggiore o uguale a cinque ore di cammino effettivo) o per qualche difficolt\u00e0 tecnica o per il maggiore impegno fisico che richiedono, non sono per tutti ma per chi ha gi\u00e0 una certa esperienza ed allenamento.<\/p>\n<p style=\"text-align: justify;\"><em><span style=\"color: #3366ff;\">&#8211; a \u201cvia ferrata\u201d has the same type of fixed cable already along the route, but presents more difficulties because it requires climbing technique, the ascent is often almost vertical with steep drops. Of course you should be equipped [= ferrata-set, which consists of body harness, karabiners and two straps, helmet, important for protecting \u00a0against stones, and gloves). I recommend training, a certain level of experience and technical expertise, and a head for heights. For those who are just starting out, I recommend a local instructor.<\/span><\/em><\/p>\n<p style=\"text-align: justify;\"><em><span style=\"color: #3366ff;\">&#8211; excursions\u00a0that do not fit in any of the above categories and because of\u00a0their length (&gt; or =\u00a05\u00a0hours\u00a0walking) or technical difficulties,\u00a0are not for everyone but for those who already have\u00a0mountain experience and a good level of training.<\/span><\/em><\/p>\n<p style=\"text-align: justify;\">La raccomandazione pi\u00f9 importante \u00e8 quella di <strong>non sottovalutare la montagna<\/strong>, di affrontare gite adatte al proprio livello, avendo attenzione al percorso ed alle difficolt\u00e0, essendo attrezzati (con adeguate scarpe, e, se necessaria, con imbragatura, cordini e moschettoni), mai pensando \u201ctanto me la cavo\u201d, vedendo prima il meteo, considerando la lunghezza e la tipologia della gita, per prevenire evemtuali difficolt\u00e0 o cambi repentini di meteo \u2026\u00a0 e ricordando:\u00a0 passeggiare semplicemente tra i boschi, o camminare pi\u00f9 o meno a lungo, o superare difficolt\u00e0 di percorsi attrezzati di vari livelli non \u00e8 rilevante in s\u00e9 ma in rapporto a s\u00e9 stessi, perch\u00e9\u00a0 <strong>ci\u00f2 che importa non \u00e8 tanto cosa si fa, ma come lo si fa per godersi appieno la montagna. <\/strong><\/p>\n<p style=\"text-align: justify;\">Buona gita.<\/p>\n<p style=\"text-align: justify;\"><em><span style=\"color: #3366ff;\">The most important recommendations are to not underestimate the difficulty of the mountains, choose excursions suited to your level, be correctly equipped, never think \u201cAnyway I\u2019ll be OK,\u201d be sure of the weather, consider the length and type of excursion, and remember that the important thing is not what you do but how you do it if you want to fully enjoy the mountains.<\/span><\/em><\/p>\n<p style=\"text-align: justify;\"><em><span style=\"color: #3366ff;\">Have a good excursion!<\/span><\/em><\/p>\n","protected":false},"excerpt":{"rendered":"<p>The key to understanding the walks proposed Le gite qui proposte riguardano le Dolomiti ed in particolare la Valle d\u2019Ampezzo, di cui sono indicati i principali gruppi di montagne. Si \u00e8 poi \u201callargato\u201d il campo ad altre aree limitrofe e &hellip; <a href=\"https:\/\/legitedisgatt.it\/?page_id=4\">Continua a leggere<span class=\"meta-nav\">&rarr;<\/span><\/a><\/p>\n","protected":false},"author":1,"featured_media":0,"parent":0,"menu_order":0,"comment_status":"closed","ping_status":"closed","template":"","meta":{"footnotes":""},"class_list":["post-4","page","type-page","status-publish","hentry"],"_links":{"self":[{"href":"https:\/\/legitedisgatt.it\/index.php?rest_route=\/wp\/v2\/pages\/4","targetHints":{"allow":["GET"]}}],"collection":[{"href":"https:\/\/legitedisgatt.it\/index.php?rest_route=\/wp\/v2\/pages"}],"about":[{"href":"https:\/\/legitedisgatt.it\/index.php?rest_route=\/wp\/v2\/types\/page"}],"author":[{"embeddable":true,"href":"https:\/\/legitedisgatt.it\/index.php?rest_route=\/wp\/v2\/users\/1"}],"replies":[{"embeddable":true,"href":"https:\/\/legitedisgatt.it\/index.php?rest_route=%2Fwp%2Fv2%2Fcomments&post=4"}],"version-history":[{"count":44,"href":"https:\/\/legitedisgatt.it\/index.php?rest_route=\/wp\/v2\/pages\/4\/revisions"}],"predecessor-version":[{"id":1739,"href":"https:\/\/legitedisgatt.it\/index.php?rest_route=\/wp\/v2\/pages\/4\/revisions\/1739"}],"wp:attachment":[{"href":"https:\/\/legitedisgatt.it\/index.php?rest_route=%2Fwp%2Fv2%2Fmedia&parent=4"}],"curies":[{"name":"wp","href":"https:\/\/api.w.org\/{rel}","templated":true}]}}