{"id":61,"date":"2012-08-07T07:21:41","date_gmt":"2012-08-07T07:21:41","guid":{"rendered":"https:\/\/legitedisgatt.it\/?page_id=61"},"modified":"2021-10-06T22:50:58","modified_gmt":"2021-10-06T20:50:58","slug":"san-vito-di-cadore","status":"publish","type":"page","link":"https:\/\/legitedisgatt.it\/?page_id=61","title":{"rendered":"San Vito di Cadore"},"content":{"rendered":"<p style=\"text-align: justify;\"><span style=\"color: #a52a2a;\"><strong>Boschi sanvitesi \u2013 Sorapiss e Monte Pelmo <a href=\"https:\/\/legitedisgatt.it\/wp-content\/uploads\/2012\/08\/mote-pelmo-da-fraz.-chiapuzza-san-vito.jpg\"><img loading=\"lazy\" decoding=\"async\" class=\"alignright size-medium wp-image-356\" title=\"mote pelmo da fraz. chiapuzza (san vito)\" src=\"https:\/\/legitedisgatt.it\/wp-content\/uploads\/2012\/08\/mote-pelmo-da-fraz.-chiapuzza-san-vito-300x224.jpg\" alt=\"\" width=\"300\" height=\"224\" srcset=\"https:\/\/legitedisgatt.it\/wp-content\/uploads\/2012\/08\/mote-pelmo-da-fraz.-chiapuzza-san-vito-300x224.jpg 300w, https:\/\/legitedisgatt.it\/wp-content\/uploads\/2012\/08\/mote-pelmo-da-fraz.-chiapuzza-san-vito.jpg 448w\" sizes=\"auto, (max-width: 300px) 100vw, 300px\" \/><\/a><\/strong><\/span><\/p>\n<p style=\"text-align: justify;\"><span style=\"color: #a52a2a;\"><em>L\u2019area di San Vito presenta molte possibilit\u00e0 di gite di diversi livelli. I boschi tra Serdes e Chiapuzza sono molto belli ed accessibili a tutti. Il Sorapiss \u2013cui si accede anche dall\u2019Ampezzo ed in particolare dal Faloria- ed il Monte Pelmo \u2013che domina San Vito dalla parte opposta del Sorapiss- offrono invece passeggiate spettacolari, e, in alcuni casi lunghe e impegnative. <a href=\"https:\/\/legitedisgatt.it\/wp-content\/uploads\/2012\/08\/antelao.jpg\"><img loading=\"lazy\" decoding=\"async\" class=\"alignleft size-medium wp-image-573\" title=\"antelao da pocol (2 nov 2012, by Maxi G)\" src=\"https:\/\/legitedisgatt.it\/wp-content\/uploads\/2012\/08\/antelao-300x224.jpg\" alt=\"\" width=\"300\" height=\"224\" srcset=\"https:\/\/legitedisgatt.it\/wp-content\/uploads\/2012\/08\/antelao-300x224.jpg 300w, https:\/\/legitedisgatt.it\/wp-content\/uploads\/2012\/08\/antelao.jpg 448w\" sizes=\"auto, (max-width: 300px) 100vw, 300px\" \/><\/a><\/em><\/span><\/p>\n<p style=\"text-align: justify;\"><span style=\"color: #a52a2a;\"><em>L&#8217;Antelao -che pure domina il paese- \u00e8 meno accessibile ma nella sua intatta bellezza\u00a0\u00e8 la pi\u00f9 alta cima delle Dolomiti.<\/em><\/span><\/p>\n<p style=\"text-align: justify;\"><em><span style=\"color: #3366ff;\">The area of San Vito has many possibilities for trips of different levels . The woods between SerDes and Chiapuzza are very beautiful and accessible to all . Sorapiss -cui also accessed dall&#8217;Ampezzo and in particular by Faloria- and Mount Pelmo -which dominates San Vito on the opposite side of the Sorapiss- instead offer spectacular walks , and , in some cases long and demanding The Antelao -which also dominates the country- is less accessible but in its untouched beauty is the highest peak of the Dolomites<\/span><\/em><\/p>\n<p><strong>\u00a0\u00a0\u00a0\u00a0\u00a0\u00a0\u00a0\u00a0\u00a0\u00a0\u00a0\u00a0\u00a0\u00a0\u00a0\u00a0\u00a0\u00a0\u00a0\u00a0\u00a0\u00a0\u00a0\u00a0\u00a0\u00a0\u00a0\u00a0\u00a0\u00a0\u00a0\u00a0\u00a0\u00a0\u00a0\u00a0\u00a0\u00a0\u00a0\u00a0\u00a0\u00a0\u00a0\u00a0\u00a0\u00a0\u00a0\u00a0\u00a0\u00a0\u00a0\u00a0\u00a0\u00a0\u00a0\u00a0\u00a0\u00a0\u00a0\u00a0\u00a0\u00a0\u00a0\u00a0\u00a0\u00a0\u00a0\u00a0\u00a0\u00a0\u00a0\u00a0\u00a0\u00a0\u00a0\u00a0\u00a0\u00a0\u00a0\u00a0\u00a0\u00a0<\/strong><strong>\u00a7 \u00a7 \u00a7<\/strong><\/p>\n<p><em><span style=\"text-decoration: underline;\">Area<\/span><\/em>: San Vito \u2013 <strong>Rif. San Marco sul Sorapiss<\/strong> <em>[intera giornata \u2013 per tutti \u2013 tre\/quattro ore &#8211; attenzione dopo la frana del 2017 verificare lo stato dei luoghi]<\/em><\/p>\n<p style=\"text-align: justify;\"><em><span style=\"text-decoration: underline;\">Percorso<\/span><\/em>:<\/p>\n<p style=\"text-align: justify;\">-da San Vito di Cadore si lascia la macchina alla base della seggiovia per il Rif. Scotter Palatini;<\/p>\n<p style=\"text-align: justify;\">&#8211; si giunge in seggiovia allo Scotter e quindi a piedi, per il sent. 226 fino al Rif. San Marco (250 m. di dislivello);<\/p>\n<p style=\"text-align: justify;\">\u00a0\u2013 poi per sent. 227 (Alta Via nn. 3 e 4) verso il Rif.Galassi, ma, al bivio con sent. 229, si prende questo verso destra in discesa verso il Rif. Scotter cui si giunge e dove si pu\u00f2 riprendere la seggiovia in discesa.<\/p>\n<p style=\"text-align: justify;\"><em><span style=\"text-decoration: underline;\">Valutazioni<\/span><\/em>: Gita di buon livello per tutti che ben potrebbe essere un avvio di una gita pi\u00f9 lunga articolata <em>[3 h <\/em>&#8211; <em>effettuata 6.8.08<\/em>]<\/p>\n<p style=\"text-align: justify;\"><em><span style=\"color: #3366ff;\">Path: -from San Vito di Cadore you leave the car at the base of the chair lift to the ref . Scotter Palatine ; &#8211; We reach the chairlift to the Scotter and then walk to the felt . 226 to Rif . San Marco ( 250 m . Altitude) ; \u00a0&#8211; Then sent. 227 ( Alta Via Nos . 3 and 4) towards the Rif.Galassi , but , at the junction with sent. 229 , you take this right downhill to the ref . Scotter where we come and where you can take the chairlift downhill . Ratings: Gita good standard for all that well could be a start of a longer trip articulated [ 3 h &#8211; carried 08\/06\/08 ]<\/span><\/em><\/p>\n<p align=\"center\"><strong>\u00a7 \u00a0\u00a7 \u00a0\u00a7<\/strong><\/p>\n<p style=\"text-align: justify;\"><em><span style=\"text-decoration: underline;\">Area<\/span><\/em>: San Vito &#8211; 1) <strong>Rif. Senes<\/strong>\u00a0 e <strong>Rif. Larin<\/strong>\u00a0<em>[1\/2 giornata \u2013 bambinabile \u2013 un\u2019ora circa di cammino] &#8211; 2) <\/em>prosecuzione per il <strong>Monte la Sentinella<\/strong> e <strong>Tabi\u00e0 (Toul\u00e0) de la Frates<\/strong><\/p>\n<p style=\"text-align: justify;\"><em><span style=\"text-decoration: underline;\">Percorso<\/span><\/em>:<\/p>\n<p style=\"text-align: justify;\"><a href=\"https:\/\/legitedisgatt.it\/wp-content\/uploads\/2012\/08\/stefano-531.jpg\"><img loading=\"lazy\" decoding=\"async\" class=\"alignright size-medium wp-image-1121\" src=\"https:\/\/legitedisgatt.it\/wp-content\/uploads\/2012\/08\/stefano-531-225x300.jpg\" alt=\"\" width=\"225\" height=\"300\" srcset=\"https:\/\/legitedisgatt.it\/wp-content\/uploads\/2012\/08\/stefano-531-225x300.jpg 225w, https:\/\/legitedisgatt.it\/wp-content\/uploads\/2012\/08\/stefano-531-768x1024.jpg 768w\" sizes=\"auto, (max-width: 225px) 100vw, 225px\" \/><\/a> <a href=\"https:\/\/legitedisgatt.it\/wp-content\/uploads\/2012\/08\/stefano-544.jpg\"><img loading=\"lazy\" decoding=\"async\" class=\"alignright size-medium wp-image-1122\" src=\"https:\/\/legitedisgatt.it\/wp-content\/uploads\/2012\/08\/stefano-544-225x300.jpg\" alt=\"\" width=\"225\" height=\"300\" srcset=\"https:\/\/legitedisgatt.it\/wp-content\/uploads\/2012\/08\/stefano-544-225x300.jpg 225w, https:\/\/legitedisgatt.it\/wp-content\/uploads\/2012\/08\/stefano-544-768x1024.jpg 768w\" sizes=\"auto, (max-width: 225px) 100vw, 225px\" \/><\/a>-si lascia l\u2019auto al lago Mosigo (m. 1021 s.l.m., recente set cinematrografico di Ad un passo dal cielo 6) e si prende il sentiero n. 436-458 (o la carrozzabile asfaltata che parte poco prima del lago, e sale sulla destra; oppure possibile anche seguire un sentiero che sale ripido nel bosco, tagliando il percorso carrozzabile) che porta \u2013attraverso il bosco Viza- al Rif. Alpe di Senes (30 min.; m. 1.216 s.l.m.); il ritorno per lo stesso sentiero; <em>i)<\/em> se si vuole, con altri 5 min. si giunge al Rif. Larin (m. 1.216 s.l.m.; il ritorno per la stessa strada; <em>ii)<\/em>\u00a0alternativa per il ritorno pu\u00f2 essere proseguendo in discesa dal Rif. Larin (sempre per carrozzabile asfaltata); dopo circa 20 min., ad un tornante, sulla sin. si diparte un sentiero chiuso da una sbarra; prosegue pi\u00f9 o meno in quota con bel panorama sull&#8217;Antelao, fino al sentiero 436-458 per tornare al Lago (1h\/1,15).<\/p>\n<p style=\"text-align: justify;\"><em><span style=\"text-decoration: underline;\">Valutazioni<\/span><\/em>: Passeggiatina su carrareccia (oppure -come detto- anche per sentiero pi\u00f9 diretto nel bosco), con limitato dislivello &#8211; Nel bosco che si attraversa, c\u2019\u00e8 possibilit\u00e0 di vedere i cervi per l\u2019esistenza di apposite mangiatoie &#8211; Arrivo in bella posizione [<em>effettuata 6.8.04 e il 21.8.21 <\/em>su sentiero con prosecuzione descritta al punto che segue<em>; ii) effettuata 17.8.15<\/em>]<\/p>\n<p style=\"text-align: justify;\"><em><span style=\"color: #3366ff;\">Path: -you can leave your car at the lake Mosigo and take the road that leads -through the woods Viza- to Rif . Alpe di Senes ( 30 min .; 200 m . in altitude ) ;\u00a0<span lang=\"en\">the return by the same route ; i) if you will, with a further 5 min. get to the Rif . Larin ; the return by the same route ; ii) Alternatively the return may be going down the hill from Rif. Larin (always paved asphalt); after about 20 min . , at a bend, on the right . starts a path closed by a bar ; It continues more or less in proportion with a view Antelao, to the path from 436 to 458 to return to the lake (1h \/ 1.15) .<\/span>&#8211; Ratings: Stroll onto the track , with a minimum height difference &#8211; In the forest you cross , there is a chance to see the deer for the existence of special feeders &#8211; Arrival in beautiful location [ carried 06\/08\/04; ii) 17.8.15 ]<\/span><\/em><\/p>\n<p>2) Dal Rifugio Senes (1.216 slm) si pu\u00f2 proseguire la salita verso il monte La Sentinella ed il Tabi\u00e0 (Toul\u00e0) de la Frates. Dal Rifugio attualmente il sentiero 436 (che si \u00e8 seguito dal Lago di Mosigo al Rifugio stesso e che portava in cima) \u00e8 impraticabile per gli alberi caduti a causa di Vaia (la tempesta dell&#8217;ottobre 2018); &#8211; si segue dunque obbligatoriamente una variante non panoramica (segnalata con frecce e cartelli gialli), su sentiero in parte asfaltato \/ cementato, in parte sterrato, che sale in bosco con pendenza anche forte, senza soluzione di continuit\u00e0; &#8211; la variante riprende finalmente il sentiero 436 al Tabi\u00e0 Ciaupa da Duoe sito in una piccola radura (m. 1634 s.l.m.) che si trova poco dopo la cima della Sentinella; &#8211; si prosegue poi in quota con saliscendi nel bosco (ancora ferito da Vaia) fino al Tabi\u00e0 de la Frates (m. 1711 s.l.m.), anch&#8217;esso situato in una radura ma sempre nel bosco di propriet\u00e0 delle Regole di San Vito ed utilizzabile da chiunque si dovesse trovare in difficolt\u00e0; &#8211; da qui\u00a0 sempre nel bosco, si comincia la discesa per il sentiero 459 (direzione Chiapuzza), prima\u00a0 con sentiero che diviene presto ripido poi su strada camionabile sterrata; si giunge cos\u00ec a livello Boite e in dieci minuti di strada in pianura al lago di Mosigo.<\/p>\n<p>Valutazione: la salita (e poi la discesa) di 700 metri di dislivello, \u00e8 impegnativa e di poca soddisfazione panoramica. Gita sempre in bosco, penalizzato da Vaia. Tempi di circa tre ore per giungere al Tabi\u00e0 Frates dal lago; ed un&#8217;ora e tre quarti per la discesa &#8211; non ci sono punti di ristoro; serve buona gamba (<em>effettuata 21.8.21<\/em>)<\/p>\n<p id=\"tw-target-text\" dir=\"ltr\" style=\"text-align: justify;\" data-placeholder=\"Traduzione\"><em><span lang=\"en\" style=\"color: #3366ff;\">2) From the Senes Refuge (1,216 asl) you can continue the climb towards Mount La Sentinella and Tabi\u00e0 Frates. Path 436 is currently impassable for trees that have fallen due to Vaia (storm october 2018); &#8211; you must therefore follow a non-panoramic variant (marked with arrows and yellow signs), along a path that is partly asphalted \/ cemented, partly on a dirt road, which climbs into the woods with a steep slope, without interruption; &#8211; the variant finally resumes path 436 at Tabi\u00e0 Ciaupa da Duoe located in a small clearing (1634 m asl) which is located shortly after the summit of Sentinella; &#8211; then continue at high altitude with ups and downs in the woods (still wounded by Vaia) up to Tabi\u00e0 Frates (m. 1711 a.s.l.), owned by the Regole di San Vito and usable by anyone who finds himself in difficulty; &#8211; from here, still in the woods, you begin the descent along path 459 (towards Chiapuzza), first with a path that soon becomes steep then on a dirt road; This leads to the Boite level and in ten minutes on the flat road to the Mosigo lake. <\/span><\/em><\/p>\n<p dir=\"ltr\" style=\"text-align: justify;\" data-placeholder=\"Traduzione\"><em><span style=\"color: #3366ff;\"><span lang=\"en\">Evaluation: the climb (and then the descent) of 700 meters in altitude, is demanding and of little panoramic satisfaction. Still in the woods, a little penalized by Vaia.<\/span><span lang=\"en\">there are no refreshment points; good leg needed &#8211;\u00a0<\/span><span lang=\"en\">Time of about three hours to reach Tabi\u00e0 Frates from the lake; and an hour and three quarters for the descent (carried out 21.8.21)<\/span><\/span><\/em><\/p>\n<p><strong>\u00a7\u00a0 \u00a7\u00a0 \u00a7<\/strong><\/p>\n<p><em><span style=\"text-decoration: underline;\">Area<\/span><\/em>: San Vito \u2013 <strong>Val Orsolina<\/strong><em> [1\/2 giornata \u2013 bambinabile \u2013 un\u2019ora circa di cammino]<\/em><\/p>\n<p style=\"text-align: justify;\"><em><span style=\"text-decoration: underline;\">Percorso<\/span><\/em>:<\/p>\n<p style=\"text-align: justify;\"><em>&#8211; <\/em>si lascia la macchina a \u00a0Serdes (presso San Vito) e da qui si sale per sent. 470\u00a0 (in direzione Pelmo), nella valle Orsolina;<\/p>\n<p style=\"text-align: justify;\">-si giunge dopo circa 30\/45 min. ad una Chiesa ed al bivio per Borca;<\/p>\n<p style=\"text-align: justify;\">-da qui si pu\u00f2 ritornare per la stessa strada.<\/p>\n<p style=\"text-align: justify;\"><em><span style=\"text-decoration: underline;\">Valutazioni<\/span>: <\/em>passeggiata tranquilla tra prati e boschi <em>[1,5 h &#8211; effettuata 9.8.93<\/em>].<\/p>\n<p style=\"text-align: justify;\"><em><span style=\"color: #3366ff;\">Path: &#8211; Leaving the machine to Serdes ( at San Vito ) and from there go up sent. 470 ( towards Pelmo ) , in the valley Ursuline ; -it comes after about 30\/45 min . to a Church and the junction for Borca ; -from here you can return by the same route . &#8212; Ratings: quiet walk through meadows and woods [ 1,5 h &#8211; carried 09\/08\/93 ] .<\/span><\/em><\/p>\n<p style=\"text-align: center;\" align=\"center\"><strong>\u00a7\u00a0 \u00a7\u00a0 \u00a7<\/strong><\/p>\n<p style=\"text-align: justify;\"><em><span style=\"text-decoration: underline;\">Area<\/span><\/em>: San Vito \u2013 <strong>Valli di Forada e Busella e giro del Col de la Puina <\/strong><em>[intera giornata \u2013 cinque ore circa di cammino]<\/em><\/p>\n<p style=\"text-align: justify;\"><em><span style=\"text-decoration: underline;\">Percorso<\/span><\/em>:<\/p>\n<p style=\"text-align: justify;\"><em>&#8211; <\/em>si lascia la macchina a \u00a0Serdes (presso San Vito) e da qui si sale per sent. 468 nella valle Orsolina;<\/p>\n<p style=\"text-align: justify;\">-poco dopo sulla sin. si prende il sent. 468 per la Val Feroda, sotto il Pelmo;<\/p>\n<p style=\"text-align: justify;\">-si giunge alla Forcella Forada (600 m. di dislivello dalla partenza);<\/p>\n<p style=\"text-align: justify;\">-si scende poi, seguendo il sentiero 480, fino al Rif. Citt\u00e0 di Fiume;<\/p>\n<p style=\"text-align: justify;\">\u00a0\u2013da qui con il sent. 467 si aggira il Col de la Puina e si giunge alla Forcella Puina (200 m. di dislivello);<\/p>\n<p style=\"text-align: justify;\">-si prosegue con lo stesso sentiero, superando, con leggeri saliscendi, la Forcella Roan e giungendo poi alla Forcella Col de Roan;<\/p>\n<p style=\"text-align: justify;\">-da qui si prende sulla destra il sent. 458 per la Val de Busela;<\/p>\n<p style=\"text-align: justify;\">-al primo bivio, si prende il sent. n. 469 sulla destra; poco dopo, si deve seguire il n. 468 sulla sin. fino al punto di partenza nella Valle Orsolina.<\/p>\n<p style=\"text-align: justify;\"><em><span style=\"text-decoration: underline;\">Valutazioni<\/span><\/em>: Gita lunga che \u00e8 molto faticosa nella parte iniziale per la lunga salita, sotto al Pelmo; la seconda parte rimane pi\u00f9 \u201cmorbida\u201d e piacevole [<em>effettuata 6.8.86<\/em>].<\/p>\n<p style=\"text-align: justify;\"><em><span style=\"color: #3366ff;\">Path: &#8211; Leaving the machine to Serdes ( at San Vito ) and from there go up sent. 468 Ursuline in the valley ; -little after the sin . you take the felt . 468 to Val Feroda , under the Pelmo ; -reach the Forcella Forada ( 600 m . in altitude from the start) ; &#8211; then descends , following the path n. 480 , until the Ref . City of Fiume (=Rijeka) ; \u00a0-from here with path n. 467 is around the Col de la Puina and\u00a0 reach the Forcella Puina ( 200 m . altitude) ; &#8211; continues with the same path , passing , with slight ups and downs , the Forcella Roan and then coming to the Col de Roan ; -from here you take the right path n. 458 to Val de Busela ; -al first fork , take the path\u00a0n . 469 on the right ; shortly after , you must follow the n. 468 on the right . up to the starting point in the Valley Ursuline . &#8212; Ratings: Long walk which is very difficult in the beginning for the long climb , under the Pelmo ; the second part is &#8220;softer &#8221; and pleasant [ carried 08\/06\/86 ] <\/span><\/em><\/p>\n<p style=\"text-align: center;\"><strong>\u00a7\u00a0 \u00a7\u00a0 \u00a7<\/strong><\/p>\n<p style=\"text-align: justify;\"><em><span style=\"text-decoration: underline;\">Area<\/span><\/em>: Passo Staulanza &#8211; <strong>Orme dei dinosauri sul Pelmetto<\/strong>\u00a0 <em>[intera giornata \u2013 per tutti \u2013 tre \/ quattro ore di cammino]<a href=\"https:\/\/legitedisgatt.it\/wp-content\/uploads\/2012\/08\/Pelmetto.jpg\"><img loading=\"lazy\" decoding=\"async\" class=\"alignright size-medium wp-image-406\" title=\"il grande masso con le orme dei dinosauri\" src=\"https:\/\/legitedisgatt.it\/wp-content\/uploads\/2012\/08\/Pelmetto-191x300.jpg\" alt=\"\" width=\"191\" height=\"300\" srcset=\"https:\/\/legitedisgatt.it\/wp-content\/uploads\/2012\/08\/Pelmetto-191x300.jpg 191w, https:\/\/legitedisgatt.it\/wp-content\/uploads\/2012\/08\/Pelmetto.jpg 286w\" sizes=\"auto, (max-width: 191px) 100vw, 191px\" \/><\/a><\/em><\/p>\n<p style=\"text-align: justify;\"><em><span style=\"text-decoration: underline;\">Percorso<\/span>:<\/em><\/p>\n<p style=\"text-align: justify;\">-l\u2019accesso migliore \u00e8 da Passo Staulanza (dopo Selva di Cadore), dove si lascia la macchina;<\/p>\n<p style=\"text-align: justify;\">-da qui si prende il sent. 472 ( = \u201canello zoldano\u201d), verso il Rif. Venezia, aggirando il Pelmetto;<\/p>\n<p style=\"text-align: justify;\">-dopo circa min. 45, giunto sotto lo spigolo, si devia su per il ghiaione (per circa 40 min. in salita) per vedere le Orme dei dinosauri (cfr. Riv. CAI n. 6\/89; Riv. Cortina 1\/12).<\/p>\n<p style=\"text-align: justify;\"><em><span style=\"text-decoration: underline;\">Valutazione:<\/span><\/em> Un lungo tratto di automobile ma merita di vedere i percorsi che milioni di anni fa degli animali hanno fatto su quello che era un fondale marino \u2013 le orme sono di pi\u00f9 animali, diversi tra loro; molto istruttiva <em>[effettuata 3.8.89].<\/em><\/p>\n<p style=\"text-align: justify;\"><em><span style=\"color: #3366ff;\">Path -by car\u00a0to Staulanza ( after Selva di Cadore ) , where you leave the car; -from here take the path n. 472 ( = &#8221; ring zoldano &#8221; ) , to the Ref . Venezia (=Venice) , bypassing the Pelmetto ; -after about min . 45 , arrived in the corner , you turn on the scree ( for about 40 min . uphill) to see the footprints of dinosaurs ( cfr . Riv . CAI no . 6\/89 ; Riv . Cortina 1\/12 ) . &#8212; Rating : A long stretch by car but deserves to see the paths that millions of years ago the animals have done on what was a seabed &#8211; the tracks are more animals , different from each other ; very informative [ carried 03\/08\/89 ]<\/span><\/em><\/p>\n","protected":false},"excerpt":{"rendered":"<p>Boschi sanvitesi \u2013 Sorapiss e Monte Pelmo L\u2019area di San Vito presenta molte possibilit\u00e0 di gite di diversi livelli. I boschi tra Serdes e Chiapuzza sono molto belli ed accessibili a tutti. Il Sorapiss \u2013cui si accede anche dall\u2019Ampezzo ed &hellip; <a href=\"https:\/\/legitedisgatt.it\/?page_id=61\">Continua a leggere<span class=\"meta-nav\">&rarr;<\/span><\/a><\/p>\n","protected":false},"author":1,"featured_media":0,"parent":0,"menu_order":0,"comment_status":"closed","ping_status":"closed","template":"","meta":{"footnotes":""},"class_list":["post-61","page","type-page","status-publish","hentry"],"_links":{"self":[{"href":"https:\/\/legitedisgatt.it\/index.php?rest_route=\/wp\/v2\/pages\/61","targetHints":{"allow":["GET"]}}],"collection":[{"href":"https:\/\/legitedisgatt.it\/index.php?rest_route=\/wp\/v2\/pages"}],"about":[{"href":"https:\/\/legitedisgatt.it\/index.php?rest_route=\/wp\/v2\/types\/page"}],"author":[{"embeddable":true,"href":"https:\/\/legitedisgatt.it\/index.php?rest_route=\/wp\/v2\/users\/1"}],"replies":[{"embeddable":true,"href":"https:\/\/legitedisgatt.it\/index.php?rest_route=%2Fwp%2Fv2%2Fcomments&post=61"}],"version-history":[{"count":16,"href":"https:\/\/legitedisgatt.it\/index.php?rest_route=\/wp\/v2\/pages\/61\/revisions"}],"predecessor-version":[{"id":1628,"href":"https:\/\/legitedisgatt.it\/index.php?rest_route=\/wp\/v2\/pages\/61\/revisions\/1628"}],"wp:attachment":[{"href":"https:\/\/legitedisgatt.it\/index.php?rest_route=%2Fwp%2Fv2%2Fmedia&parent=61"}],"curies":[{"name":"wp","href":"https:\/\/api.w.org\/{rel}","templated":true}]}}