{"id":776,"date":"2013-11-23T18:04:25","date_gmt":"2013-11-23T16:04:25","guid":{"rendered":"https:\/\/legitedisgatt.it\/?page_id=776"},"modified":"2021-10-06T23:21:38","modified_gmt":"2021-10-06T21:21:38","slug":"sicilia-etna","status":"publish","type":"page","link":"https:\/\/legitedisgatt.it\/?page_id=776","title":{"rendered":"Sicilia &#8211; Etna"},"content":{"rendered":"<p style=\"text-align: justify;\"><span style=\"color: #ff0000;\"><a href=\"https:\/\/legitedisgatt.it\/wp-content\/uploads\/2013\/11\/etna-con-il-fumo-la-mattina-presto1.jpg\"><img loading=\"lazy\" decoding=\"async\" class=\"alignleft size-medium wp-image-778\" title=\"etna con il fumo la mattina presto\" src=\"https:\/\/legitedisgatt.it\/wp-content\/uploads\/2013\/11\/etna-con-il-fumo-la-mattina-presto1-285x300.jpg\" alt=\"\" width=\"285\" height=\"300\" srcset=\"https:\/\/legitedisgatt.it\/wp-content\/uploads\/2013\/11\/etna-con-il-fumo-la-mattina-presto1-285x300.jpg 285w, https:\/\/legitedisgatt.it\/wp-content\/uploads\/2013\/11\/etna-con-il-fumo-la-mattina-presto1.jpg 336w\" sizes=\"auto, (max-width: 285px) 100vw, 285px\" \/><\/a>L\u2019Etna \u00e8 il vulcano attivo pi\u00f9 grande d\u2019Europa; \u00e8, anzi un sistema\u00a0 vulcanico (non gi\u00e0 semplicemente un \u201ccono\u201d), perch\u00e9 molti sono i crateri che non sono pi\u00f9 attivi, su cui oggi si pu\u00f2 camminare ma che in passato hanno\u00a0 eruttato. E la lava (ormai\u00a0 non pi\u00f9 viva) \u00e8 visibile, attraversabile, calpestabile; tutto \u00e8 sassi, sabbia, cenere; silenzio interrotto dai rumori sordi (spesso anche \u201ctuoni\u201d un po\u2019 inquietanti) del vulcano; nessuno intorno se non chi sale e la guida. Un luogo affascinante e misterioso; si \u00e8 in montagna (anche per il clima, specie in inverno) ma si vede il mare; la gita inizia dal mare; salendo si \u00e8 immersi in boschi di betulle, ma una natura via via pi\u00f9 aspra e selvaggia; un\u2019atmosfera surreale accompagna l\u2019escursionista.<\/span><\/p>\n<p style=\"text-align: justify;\"><em><span style=\"color: #3366ff;\">Etna is the largest active volcano in Europe; is indeed a volcanic system (and not simply a &#8220;cone &#8220;), because there are many craters that are no longer active, on which today you can walk but in the past have erupted. And the lava (no longer alive) is visible, crossed, walkable; everything is stones, sand, ash; silence broken by the muffled sounds ( often &#8221; thunder &#8221; a bit &#8216; disturbing) of the volcano; no one around except those salt and driving. A fascinating and mysterious; you are in the mountains (also for the climate, especially in winter) but you can see the sea. The tour starts from the sea; climbing (walking) you are immersed in birch woods, but nature more and more rough and wild; a surreal atmosphere accompanies the hiker.<\/span><\/em><\/p>\n<p style=\"text-align: center;\"><strong>\u00a7\u00a0 \u00a7\u00a0 \u00a7<\/strong><\/p>\n<p style=\"text-align: justify;\"><span style=\"text-decoration: underline;\">Area:<\/span>\u00a0 versante est dell\u2019Etna (paesi di Milo e di Fornazzo \u2013 Rif. Citelli)<\/p>\n<p style=\"text-align: justify;\"><span style=\"text-decoration: underline;\">Percorso<\/span>: <strong>Rifugio Citelli<\/strong> (1.736 m.) &#8211; <strong>Sentiero Serracozzo (con la Grotta) e Serra delle Concazze &#8211; Cresta \u00a0Valle del Bove<\/strong> (2.250 m.) (<em>gita per tutti; intera giornata con soste \u201cdidattiche\u201d; 3 ore circa<\/em>)<\/p>\n<p style=\"text-align: justify;\"><a href=\"https:\/\/legitedisgatt.it\/wp-content\/uploads\/2013\/11\/rifugio-citelli.jpg\"><img loading=\"lazy\" decoding=\"async\" class=\"alignleft size-medium wp-image-780\" title=\"rifugio citelli\" src=\"https:\/\/legitedisgatt.it\/wp-content\/uploads\/2013\/11\/rifugio-citelli-264x300.jpg\" alt=\"\" width=\"264\" height=\"300\" srcset=\"https:\/\/legitedisgatt.it\/wp-content\/uploads\/2013\/11\/rifugio-citelli-264x300.jpg 264w, https:\/\/legitedisgatt.it\/wp-content\/uploads\/2013\/11\/rifugio-citelli.jpg 336w\" sizes=\"auto, (max-width: 264px) 100vw, 264px\" \/><\/a>-Si giunge al rifugio Citelli (dopo aver superato Zafferana, Milo e Fornazzo, seguendo una strada di 14 km. che incontra \u2013e l\u2019attarversa con alcuni tornanti- anche una grandissima colata lavica), dove si lascia l\u2019automobile in ampio parcheggio;<\/p>\n<p style=\"text-align: justify;\">&#8211; dal rifugio, dopo breve tratto a piedi scendendo sulla strada asfaltata, si imbocca sulla sinistra il sentiero \u00a0n. 15.1 e si entra in un bosco di betulle, che sale \u00a0verso la Serra delle Concazze;<\/p>\n<p style=\"text-align: justify;\"><a href=\"https:\/\/legitedisgatt.it\/wp-content\/uploads\/2013\/11\/bosco-di-betulle.jpg\"><img loading=\"lazy\" decoding=\"async\" class=\"alignleft size-medium wp-image-781\" title=\"bosco di betulle\" src=\"https:\/\/legitedisgatt.it\/wp-content\/uploads\/2013\/11\/bosco-di-betulle-224x300.jpg\" alt=\"\" width=\"224\" height=\"300\" srcset=\"https:\/\/legitedisgatt.it\/wp-content\/uploads\/2013\/11\/bosco-di-betulle-224x300.jpg 224w, https:\/\/legitedisgatt.it\/wp-content\/uploads\/2013\/11\/bosco-di-betulle.jpg 336w\" sizes=\"auto, (max-width: 224px) 100vw, 224px\" \/><\/a><\/p>\n<p style=\"text-align: justify;\">-superati \u00a0i ruderi di un antico ovile in pietra, ci si dirige in quota verso il Vallone Serracozzo; cambia il panorama: il bosco si dirada e su terreno nero e sassoso compaiono cactus tondeggianti. Il sentiero (che diviene poi n. 723) \u00e8 segnato su sassi, ed anche con pali; attenzione per\u00f2 alla nebbia che spesso compare improvvisa e confonde il cammino.<\/p>\n<p style=\"text-align: justify;\"><a href=\"https:\/\/legitedisgatt.it\/wp-content\/uploads\/2013\/11\/grotta-colata-lavica-1971-bocca-esterna.jpg\"><img loading=\"lazy\" decoding=\"async\" class=\"alignleft size-medium wp-image-782\" title=\"grotta colata lavica 1971 (bocca esterna)\" src=\"https:\/\/legitedisgatt.it\/wp-content\/uploads\/2013\/11\/grotta-colata-lavica-1971-bocca-esterna-224x300.jpg\" alt=\"\" width=\"224\" height=\"300\" srcset=\"https:\/\/legitedisgatt.it\/wp-content\/uploads\/2013\/11\/grotta-colata-lavica-1971-bocca-esterna-224x300.jpg 224w, https:\/\/legitedisgatt.it\/wp-content\/uploads\/2013\/11\/grotta-colata-lavica-1971-bocca-esterna.jpg 336w\" sizes=\"auto, (max-width: 224px) 100vw, 224px\" \/><\/a><a href=\"https:\/\/legitedisgatt.it\/wp-content\/uploads\/2013\/11\/grotta-colata-lavica-1971-interno.jpg\"><img loading=\"lazy\" decoding=\"async\" class=\"alignright size-medium wp-image-783\" title=\"grotta colata lavica 1971 (interno)\" src=\"https:\/\/legitedisgatt.it\/wp-content\/uploads\/2013\/11\/grotta-colata-lavica-1971-interno-224x300.jpg\" alt=\"\" width=\"224\" height=\"300\" srcset=\"https:\/\/legitedisgatt.it\/wp-content\/uploads\/2013\/11\/grotta-colata-lavica-1971-interno-224x300.jpg 224w, https:\/\/legitedisgatt.it\/wp-content\/uploads\/2013\/11\/grotta-colata-lavica-1971-interno.jpg 336w\" sizes=\"auto, (max-width: 224px) 100vw, 224px\" \/><\/a>Nel\u00a0 Vallone si apre l\u2019ingresso della Grotta di Serracozzo creata dalla colata lavica del 1971<a href=\"https:\/\/legitedisgatt.it\/wp-content\/uploads\/2013\/11\/segnale-cammino1.jpg\"><img loading=\"lazy\" decoding=\"async\" class=\"alignright size-medium wp-image-787\" title=\"segnale cammino\" src=\"https:\/\/legitedisgatt.it\/wp-content\/uploads\/2013\/11\/segnale-cammino1-224x300.jpg\" alt=\"\" width=\"224\" height=\"300\" srcset=\"https:\/\/legitedisgatt.it\/wp-content\/uploads\/2013\/11\/segnale-cammino1-224x300.jpg 224w, https:\/\/legitedisgatt.it\/wp-content\/uploads\/2013\/11\/segnale-cammino1.jpg 336w\" sizes=\"auto, (max-width: 224px) 100vw, 224px\" \/><\/a> (quota 1.830 m.); nella grotta di scorrimento lavico si entra e si percorre comodamente (con torcia) tratto del cunicolo lavico;<\/p>\n<p style=\"text-align: justify;\">-da qui si procede fino in fondo al vallone e si sale il ciglio della Serra fino ai 2.000 m., giungendo alla cresta che domina la Valle del Bove; \u00a0si sale poi ancora fino ai 2.250 m. (sosta \u201cpanino\u201d);<\/p>\n<p style=\"text-align: justify;\">&#8211; si piega quindi sulla destra in discesa, fino a imboccare un canalone di soffice sabbia (un \u201csabbione\u201d) che scende di 200 metri (si \u00e8 sotto il Piz Deneri). La discesa \u00e8 come quella che si fa in un ghiaione (anzi pi\u00f9 comoda, perch\u00e9 la sabbia \u00e8 pi\u00f9 morbida); da farsi correndo e divertendosi.\u00a0 Il ghiaione \u00e8 nero, interrotto da grandi \u201csfere\u201d spinose, i cactus che soli crescono\u00a0 in quel luogo inospitale e che trattengono la sabbia lavica (abbiamo incontrato anche uno scheletro di capra\u2026).<\/p>\n<p style=\"text-align: justify;\"><a href=\"https:\/\/legitedisgatt.it\/wp-content\/uploads\/2013\/11\/sabbione.jpg\"><img loading=\"lazy\" decoding=\"async\" class=\"alignleft size-medium wp-image-784\" title=\"sabbione\" src=\"https:\/\/legitedisgatt.it\/wp-content\/uploads\/2013\/11\/sabbione-300x224.jpg\" alt=\"\" width=\"300\" height=\"224\" srcset=\"https:\/\/legitedisgatt.it\/wp-content\/uploads\/2013\/11\/sabbione-300x224.jpg 300w, https:\/\/legitedisgatt.it\/wp-content\/uploads\/2013\/11\/sabbione.jpg 448w\" sizes=\"auto, (max-width: 300px) 100vw, 300px\" \/><\/a><a href=\"https:\/\/legitedisgatt.it\/wp-content\/uploads\/2013\/11\/betulla-su-sabbia-lavica.jpg\"><img loading=\"lazy\" decoding=\"async\" class=\"alignright size-medium wp-image-785\" title=\"betulla su sabbia lavica\" src=\"https:\/\/legitedisgatt.it\/wp-content\/uploads\/2013\/11\/betulla-su-sabbia-lavica-224x300.jpg\" alt=\"\" width=\"224\" height=\"300\" srcset=\"https:\/\/legitedisgatt.it\/wp-content\/uploads\/2013\/11\/betulla-su-sabbia-lavica-224x300.jpg 224w, https:\/\/legitedisgatt.it\/wp-content\/uploads\/2013\/11\/betulla-su-sabbia-lavica.jpg 336w\" sizes=\"auto, (max-width: 224px) 100vw, 224px\" \/><\/a><\/p>\n<p style=\"text-align: justify;\">-da qui il sentiero \u00a0continua a scendere \u00a0e quindi torna a passare in mezzo al bosco; a quota \u00a01.800 m. si congiunge con il sentiero della salita (poco prima dell\u2019ovile); in dieci minuti si ritorna al Rifugio Citelli.<\/p>\n<p style=\"text-align: justify;\">-non si pu\u00f2 lasciare l\u2019area se non si visitano i 6 crateri ormai spenti, teatro di un\u2019eruzione alcuni anni fa; riprendendo l\u2019automobile e scendendo sulla strada per un chilometro, circa, sulla sinistra comodo sentiero che consente un tour dei crateri (15 min. per salire su ciascuno di essi).\u00a0<a href=\"https:\/\/legitedisgatt.it\/wp-content\/uploads\/2013\/11\/i-vecchi-crateri.jpg\"><img loading=\"lazy\" decoding=\"async\" class=\"alignright size-medium wp-image-788\" title=\"i vecchi crateri\" src=\"https:\/\/legitedisgatt.it\/wp-content\/uploads\/2013\/11\/i-vecchi-crateri-300x224.jpg\" alt=\"\" width=\"300\" height=\"224\" srcset=\"https:\/\/legitedisgatt.it\/wp-content\/uploads\/2013\/11\/i-vecchi-crateri-300x224.jpg 300w, https:\/\/legitedisgatt.it\/wp-content\/uploads\/2013\/11\/i-vecchi-crateri.jpg 448w\" sizes=\"auto, (max-width: 300px) 100vw, 300px\" \/><\/a><\/p>\n<p style=\"text-align: justify;\"><em><span style=\"text-decoration: underline;\">Valutazioni:<\/span><\/em>\u00a0 escursione effettuata il 16 novembre 2013, ed il vulcano era in attivit\u00e0. La notte precednte e successiva, trascorsa\u00a0a Santa Maria alla Scala (proprio sotto ad Acireale), nella casa offerta dall&#8217;amico Piero, \u00a0\u00e8 caratterizzata dal rumore della risacca; poi\u00a0una mattinata splendida, in un paesino che sembrava un quadro, solo con pochi\u00a0pescatori.<\/p>\n<p>Ci raccoglie la guida &#8220;Pippo&#8221; e ci conduce in macchina [l&#8217;accompagnamento delle guide \u00e8 fortemente consigliato sia per il tempo sia per il sentiero sia per l&#8217;illustrazione anche naturalistica; a tal fine si suggerisce <a href=\"http:\/\/www.escursioneetna.it\">www.escursioneetna.it<\/a>] &#8211; la strada (da Zafferana in poi) \u00e8 coperta dalla sabbia vulcanica di pochi giorni prima e bisogna guidare con prudenza. Gi\u00e0 dal Rifugio Cipelli si sente il respiro \/ brontolio \/ urlo del vulcano; come tuoni lontani e poi vicini e sempre pi\u00f9 forti, circa ogni minuto \u2026. E\u00a0 dell\u2019intera giornata il tempo \u00e8 stato ritmato dalla sua rumorosa presenza poich\u00e9\u00a0 si preparava per l\u2019eruzione esplosiva del pomeriggio (siamo scesi giusto in tempo &#8230;.) di seguito ecco le foto serali e notturne (tratte dal sito web\u00a0dell&#8217;INVG: <a href=\"http:\/\/www.ct.invg.it\">www.ct.invg.it<\/a>) &#8211; [Durata: 1.30\/2 a salire (ma pu\u00f2 durare di pi\u00f9 se si visita la grotta e si \u00e8 accompagnati da guida che illustra l\u2019ambiente) e 1 h a scendere &#8211; dislivello in salita 580 m; l\u2019escursione ai 6 crateri \u00e8 a parte come tempistica &#8211;\u00a0 va ovviamente portata acqua e panini &#8211;<\/p>\n<p style=\"text-align: justify;\"><em><span style=\"color: #3366ff;\">-Reach the Refuge Citelli (after passing town of Zafferana, Milo and Fornazzo, following a road of 14 km. that meets and cross\u00a0a huge lava flow ), where you leave the car in large parking; &#8211; From the Refuge, after short walk down the paved road, turn left on the path n. 15.1 and you get into a birch forest, going up to the Serra of Concazze &#8211; passed the ruins of an ancient stone sheepfold, we head up towards the Vallone Serracozzo; change the view: the forest thins and black soil and rocky cactus appear rounded. The path (which then becomes no. 723) is marked on the stones, and also with poles; but attention to the fog that often appears suddenly and confuses the cammino. Nel Vallone is the entrance of the cave Serracozzo created by the lava flow of 1971 (altitude 1,830 m); in the cave of lava flow entering and walk comfortably (with torch) stretch of lava tunnel then bends to the right downhill, until you get into a gully of soft sand (a &#8221; sandy soil&#8221;) that descends 200 meters (it is under the Piz Deneri). The descent is like that which is done in a scree (indeed more convenient, because the sand is softer); to do running and having fun. The scree is black, interrupted by big &#8220;balls&#8221; thorny cacti that grow only in that inhospitable place and that hold the lava sand (we also met a skeleton goat &#8230; -from here the trail continues to fall and then go back to in the woods, at an altitude of 1,800 m . it joins with the path of the climb (just before the sheepfold); in ten minutes you will return to Rifugio Citelli. -no one can leave the area if you do not visit the 6 extinct craters, the scene of an eruption a few years ago ; recovering the car and going on the road for a mile or so, the left easy path that allows a tour of the craters (15 min. to get on each of them).<\/span><\/em><\/p>\n<p style=\"text-align: justify;\"><em><span style=\"color: #3366ff;\">Ratings: hike effected November 16, 2013 , and the volcano was active. The night before and later spent in Santa Maria alla Scala (right below Acireale), the house offered by hour friend Piero, is characterized by the sound of the surf ; then a beautiful morning, in a village that looked like a painting, with only a few fishermen. We collect the guide &#8221; Pippo &#8221; and leads us in the car [the accompaniment of the guides is strongly recommended both for time and for the path is for illustration also naturalistic ; to this end, it is suggested <a style=\"color: #3366ff;\" href=\"http:\/\/www.escursioneetna.it\">www.escursioneetna.it<\/a>] &#8211; the road ( from Zafferana onwards) is covered by volcanic sand a few days before and we must drive carefully. Already from Rifugio Cipelli feels the breath \/ growl \/ scream of the volcano ; like distant thunder and then close and getting stronger , about every minute &#8230; . And the day the weather was punctuated by his noisy presence as he prepared for the explosive eruption of the afternoon ( we went down just in time &#8230;. ) below here are the pictures the evening and night ( taken from the website of &#8216; InvG : www.ct.invg.it ) &#8211; [Duration : 1.30 \/ 2 to go up ( but can last longer if you visit the cave and it is accompanied by a guide that illustrates the environment) and one has come down &#8211; ascent 580 m ; the hike to the crater 6 is apart as timing &#8211; is obviously brought water and sandwiches]<\/span><\/em><\/p>\n<p style=\"text-align: justify;\">\u00a0<a href=\"https:\/\/legitedisgatt.it\/wp-content\/uploads\/2013\/11\/parossismo-del-16-novembre-2013.jpg\"><img loading=\"lazy\" decoding=\"async\" class=\"alignright size-medium wp-image-794\" title=\"parossismo  del 16 novembre 2013 (foto tratte dal sito invg di catania)\" src=\"https:\/\/legitedisgatt.it\/wp-content\/uploads\/2013\/11\/parossismo-del-16-novembre-2013-300x242.jpg\" alt=\"\" width=\"300\" height=\"242\" srcset=\"https:\/\/legitedisgatt.it\/wp-content\/uploads\/2013\/11\/parossismo-del-16-novembre-2013-300x242.jpg 300w, https:\/\/legitedisgatt.it\/wp-content\/uploads\/2013\/11\/parossismo-del-16-novembre-2013.jpg 415w\" sizes=\"auto, (max-width: 300px) 100vw, 300px\" \/><\/a><a href=\"https:\/\/legitedisgatt.it\/wp-content\/uploads\/2013\/11\/parossismo-serale.jpg\"><img loading=\"lazy\" decoding=\"async\" class=\"alignleft size-medium wp-image-793\" title=\"parossismo serale (foto tratta da invg di catania); noi non avevamo attrezzatura per una foto del genere\" src=\"https:\/\/legitedisgatt.it\/wp-content\/uploads\/2013\/11\/parossismo-serale-300x151.jpg\" alt=\"\" width=\"300\" height=\"151\" srcset=\"https:\/\/legitedisgatt.it\/wp-content\/uploads\/2013\/11\/parossismo-serale-300x151.jpg 300w, https:\/\/legitedisgatt.it\/wp-content\/uploads\/2013\/11\/parossismo-serale.jpg 448w\" sizes=\"auto, (max-width: 300px) 100vw, 300px\" \/><\/a><\/p>\n","protected":false},"excerpt":{"rendered":"<p>L\u2019Etna \u00e8 il vulcano attivo pi\u00f9 grande d\u2019Europa; \u00e8, anzi un sistema\u00a0 vulcanico (non gi\u00e0 semplicemente un \u201ccono\u201d), perch\u00e9 molti sono i crateri che non sono pi\u00f9 attivi, su cui oggi si pu\u00f2 camminare ma che in passato hanno\u00a0 eruttato. &hellip; <a href=\"https:\/\/legitedisgatt.it\/?page_id=776\">Continua a leggere<span class=\"meta-nav\">&rarr;<\/span><\/a><\/p>\n","protected":false},"author":1,"featured_media":0,"parent":0,"menu_order":0,"comment_status":"closed","ping_status":"closed","template":"","meta":{"footnotes":""},"class_list":["post-776","page","type-page","status-publish","hentry"],"_links":{"self":[{"href":"https:\/\/legitedisgatt.it\/index.php?rest_route=\/wp\/v2\/pages\/776","targetHints":{"allow":["GET"]}}],"collection":[{"href":"https:\/\/legitedisgatt.it\/index.php?rest_route=\/wp\/v2\/pages"}],"about":[{"href":"https:\/\/legitedisgatt.it\/index.php?rest_route=\/wp\/v2\/types\/page"}],"author":[{"embeddable":true,"href":"https:\/\/legitedisgatt.it\/index.php?rest_route=\/wp\/v2\/users\/1"}],"replies":[{"embeddable":true,"href":"https:\/\/legitedisgatt.it\/index.php?rest_route=%2Fwp%2Fv2%2Fcomments&post=776"}],"version-history":[{"count":6,"href":"https:\/\/legitedisgatt.it\/index.php?rest_route=\/wp\/v2\/pages\/776\/revisions"}],"predecessor-version":[{"id":1645,"href":"https:\/\/legitedisgatt.it\/index.php?rest_route=\/wp\/v2\/pages\/776\/revisions\/1645"}],"wp:attachment":[{"href":"https:\/\/legitedisgatt.it\/index.php?rest_route=%2Fwp%2Fv2%2Fmedia&parent=776"}],"curies":[{"name":"wp","href":"https:\/\/api.w.org\/{rel}","templated":true}]}}